{"id":198,"date":"2015-04-09T13:04:55","date_gmt":"2015-04-09T13:04:55","guid":{"rendered":"http:\/\/www.ahmadiyya-islam.org\/al\/?page_id=198"},"modified":"2023-05-09T08:33:35","modified_gmt":"2023-05-09T08:33:35","slug":"xhelsa-salana","status":"publish","type":"page","link":"https:\/\/www.ahmadiyya-islam.org\/al\/xhemati-musliman-ahmedia\/xhelsa-salana\/","title":{"rendered":"Xhelsa salana"},"content":{"rendered":"<h2>Historia<\/h2>\n<p>M\u00eb 27 dhjetor 1891 u mbajt tubimi i par\u00eb i Xhematit Musliman Ahmedia n\u00eb Kadijan, Indi, n\u00eb t\u00eb cilin mor\u00ebn pjes\u00eb 75 persona. Xhelsa pati sukses t\u00eb gjithansh\u00ebm dhe themeluesi i Xhematit Musliman Ahmadia, b\u00ebri t\u00eb ditur se nj\u00eb tubim i till\u00eb treditor do t\u00eb mbahet \u00e7do vit. Xhelsa Salana (Tubimi vjetor) tashm\u00eb \u00ebsht\u00eb nj\u00eb nga pjes\u00ebt m\u00eb interesante t\u00eb kalendarit t\u00eb Xhematit, q\u00eb mbahet rregullisht \u00e7do vit n\u00eb data t\u00eb ndryshme e n\u00eb vende t\u00eb ndryshme t\u00eb bot\u00ebs. Q\u00ebllimi i k\u00ebtyre tubimeve \u00ebsht\u00eb t\u00eb shqyrtohen arritjet e Xhematit gjat\u00eb \u00e7do viti, si dhe t\u00eb p\u00ebrfitohet nga diskutimet dhe fjalimet q\u00eb mbahen nga Kalifi dhe dijetar\u00eb t\u00eb shquar, q\u00eb trajtojn\u00eb tema rreth Zotit, Islamit, Ahmedijatit, feve krahasimtare, problemeve ekonomike, shoq\u00ebrore dhe politike si dhe zgjidhjeve t\u00eb tyre. Musliman\u00ebt ahmedian q\u00eb marrin pjes\u00eb n\u00eb k\u00ebto tubime, vijn\u00eb nga t\u00eb gjitha vendet e bot\u00ebs. Ata shfryt\u00ebzojn\u00eb k\u00ebt\u00eb rast, jo vet\u00ebm p\u00ebr t\u00eb shtuar diturin\u00eb fetare dhe energjin\u00eb shpirt\u00ebrore, por edhe p\u00ebr t\u00eb ringjallur miq\u00ebsi t\u00eb vjetra. Mij\u00ebra njer\u00ebz q\u00eb marrin pjes\u00eb n\u00eb k\u00ebto tubime shpirt\u00ebrore kan\u00eb mund\u00ebsi t\u00eb d\u00ebgjojn\u00eb fjalimet e personaliteteve t\u00eb shquara si dhe t\u00eb atyre t\u00eb ftuarve jomysliman\u00eb.<\/p>\n<h2><b>Q\u00ebllimi dhe bekimet e Xhelsa salan\u00ebs<\/b><\/h2>\n<p><a title=\"Hazret Mirza Ghulam Ahmed\" href=\"http:\/\/www.ahmadiyya-islam.org\/al\/profilet\/hazret-mirza-ghulam-ahmed\/\">Mesihu i Premtuar a.s.<\/a> duke p\u00ebrcaktuar q\u00ebllimet e xhels\u00ebs shkruan:<\/p>\n<blockquote><p>\u201cNj\u00eb nga q\u00ebllimet kryesore t\u00eb k\u00ebsaj Xhelse \u00ebsht\u00eb q\u00eb \u00e7do njeri i sinqert\u00eb t\u00eb ket\u00eb mund\u00ebsin\u00eb p\u00ebr t\u00eb pasur dobi fetare, ta shtoj\u00eb dijen e tij dhe, me lejen e me bekimin e Zotit, ta shtoj\u00eb edhe njohjen e tij ndaj Zotit. P\u00ebrve\u00e7 k\u00ebsaj, nj\u00eb tjet\u00ebr dobi q\u00eb ju sjell ky takim \u00ebsht\u00eb q\u00eb t\u00eb gjith\u00eb an\u00ebtar\u00ebt t\u00eb njihen me nj\u00ebri-tjetrin, n\u00eb m\u00ebnyr\u00eb q\u00eb t\u00eb forcohet v\u00ebllaz\u00ebria brenda Xhematit.\u201d (Ishtihar, 27 dhjetor 1892, \u201cMaxhmua-e-Ishtiharat\u201d, v\u00ebllimi I, fq. 360, botim i vitit 2019)<\/p>\n<p style=\"text-align: left;\">\u201c\u00cbsht\u00eb thelb\u00ebsore se t\u00eb gjith\u00eb ata q\u00eb jan\u00eb t\u00eb aft\u00eb t\u00eb p\u00ebrballojn\u00eb udh\u00ebtimin duhet t\u00eb ndjekin k\u00ebt\u00eb\u00a0<i>Xhalsa<\/i>, e cila \u00ebsht\u00eb n\u00eb shum\u00eb m\u00ebnyra nj\u00eb burim bekimesh. Ata nuk duhet t\u2019i ven\u00eb re humbjet e vogla t\u00eb rrug\u00ebs. Zoti jep shp\u00ebrblim t\u00eb bollsh\u00ebm, besimtar\u00ebve t\u00eb sinqert\u00eb n\u00eb \u00e7do hap dhe asnj\u00eb mundim ose v\u00ebshtir\u00ebsi nuk shkon d\u00ebm (Zoti e shp\u00ebrblen patjet\u00ebr at\u00eb.) Un\u00eb do t\u00eb doja t\u00eb p\u00ebrs\u00ebris, se kjo Xhalse nuk duhet t\u00eb konsiderohet nj\u00eb takim i zakonsh\u00ebm. Kjo \u00ebsht\u00eb nj\u00eb \u00e7\u00ebshtje e cila \u00ebsht\u00eb bazuar mbi ndihm\u00ebn e Zotit.\u201d \u00a0(Ishtihar 7 Dhjetor 1891)<\/p>\n<\/blockquote>\n<h2><b>Lutje<\/b><\/h2>\n<blockquote><p>\u201cUn\u00eb i lutem Zotit q\u00eb Ai t\u00eb jet\u00eb me t\u00eb gjith\u00eb ata q\u00eb do ta ndjekin Xhals\u00ebn dhe Ai t\u2019u jap\u00eb shp\u00ebrblime t\u00eb m\u00ebdha atyre dhe t&#8217;u tregoj\u00eb m\u00ebshir\u00ebn dhe mir\u00ebsin\u00eb e Tij. O Zot! O Ti q\u00eb je Siguruesi m\u00eb i Madh, Mir\u00ebb\u00ebr\u00ebsi e M\u00ebshir\u00ebploti, dhe Leht\u00ebsuesi i t\u00eb gjitha v\u00ebshtir\u00ebsive, d\u00ebgjomi t\u00eb gjitha lutjet dhe neve na jep fitoren mbi kund\u00ebrshtar\u00ebt tan\u00eb, me shenja t\u00eb m\u00ebdha e t\u00eb shndritshme. Ti ke fuqin\u00eb q\u00eb ta b\u00ebsh at\u00eb q\u00eb do. Amin!\u201d (Ishtihar 7 dhjetor 1891)<\/p><\/blockquote>\n","protected":false},"excerpt":{"rendered":"<p>Historia M\u00eb 27 dhjetor 1891 u mbajt tubimi i par\u00eb i Xhematit Musliman Ahmedia n\u00eb Kadijan, Indi, n\u00eb t\u00eb cilin mor\u00ebn pjes\u00eb 75 persona. Xhelsa pati sukses t\u00eb gjithansh\u00ebm dhe themeluesi i Xhematit Musliman Ahmadia, b\u00ebri t\u00eb ditur se nj\u00eb tubim i till\u00eb treditor do t\u00eb mbahet \u00e7do vit. Xhelsa Salana (Tubimi vjetor) tashm\u00eb \u00ebsht\u00eb<\/p>\n","protected":false},"author":5,"featured_media":0,"parent":31,"menu_order":5,"comment_status":"closed","ping_status":"closed","template":"","meta":{"_acf_changed":false,"footnotes":""},"class_list":["post-198","page","type-page","status-publish","hentry"],"acf":[],"yoast_head":"<!-- This site is optimized with the Yoast SEO Premium plugin v21.1 (Yoast SEO v27.0) - https:\/\/yoast.com\/product\/yoast-seo-premium-wordpress\/ -->\n<title>Xhelsa salana<\/title>\n<meta name=\"robots\" content=\"index, follow, max-snippet:-1, max-image-preview:large, max-video-preview:-1\" \/>\n<link rel=\"canonical\" href=\"https:\/\/www.ahmadiyya-islam.org\/al\/xhemati-musliman-ahmedia\/xhelsa-salana\/\" \/>\n<meta property=\"og:locale\" content=\"sq_AL\" \/>\n<meta property=\"og:type\" content=\"article\" \/>\n<meta property=\"og:title\" content=\"Xhelsa salana\" \/>\n<meta property=\"og:description\" content=\"Historia M\u00eb 27 dhjetor 1891 u mbajt tubimi i par\u00eb i Xhematit Musliman Ahmedia n\u00eb Kadijan, Indi, n\u00eb t\u00eb cilin mor\u00ebn pjes\u00eb 75 persona. Xhelsa pati sukses t\u00eb gjithansh\u00ebm dhe themeluesi i Xhematit Musliman Ahmadia, b\u00ebri t\u00eb ditur se nj\u00eb tubim i till\u00eb treditor do t\u00eb mbahet \u00e7do vit. Xhelsa Salana (Tubimi vjetor) tashm\u00eb \u00ebsht\u00eb\" \/>\n<meta property=\"og:url\" content=\"https:\/\/www.ahmadiyya-islam.org\/al\/xhemati-musliman-ahmedia\/xhelsa-salana\/\" \/>\n<meta property=\"og:site_name\" content=\"Xhemati Musliman Ahmedia\" \/>\n<meta property=\"article:modified_time\" content=\"2023-05-09T08:33:35+00:00\" \/>\n<meta property=\"og:image\" content=\"https:\/\/www.ahmadiyya-islam.org\/al\/wp-content\/uploads\/sites\/3\/2019\/02\/ahmadiyya.png\" \/>\n\t<meta property=\"og:image:width\" content=\"917\" \/>\n\t<meta property=\"og:image:height\" content=\"410\" \/>\n\t<meta property=\"og:image:type\" content=\"image\/png\" \/>\n<meta name=\"twitter:card\" content=\"summary_large_image\" \/>\n<meta name=\"twitter:label1\" content=\"Est. reading time\" \/>\n\t<meta name=\"twitter:data1\" content=\"3 minutes\" \/>\n<script type=\"application\/ld+json\" class=\"yoast-schema-graph\">{\"@context\":\"https:\/\/schema.org\",\"@graph\":[{\"@type\":\"WebPage\",\"@id\":\"https:\/\/www.ahmadiyya-islam.org\/al\/xhemati-musliman-ahmedia\/xhelsa-salana\/\",\"url\":\"https:\/\/www.ahmadiyya-islam.org\/al\/xhemati-musliman-ahmedia\/xhelsa-salana\/\",\"name\":\"Xhelsa salana\",\"isPartOf\":{\"@id\":\"https:\/\/www.ahmadiyya-islam.org\/al\/#website\"},\"datePublished\":\"2015-04-09T13:04:55+00:00\",\"dateModified\":\"2023-05-09T08:33:35+00:00\",\"breadcrumb\":{\"@id\":\"https:\/\/www.ahmadiyya-islam.org\/al\/xhemati-musliman-ahmedia\/xhelsa-salana\/#breadcrumb\"},\"inLanguage\":\"sq-AL\",\"potentialAction\":[{\"@type\":\"ReadAction\",\"target\":[\"https:\/\/www.ahmadiyya-islam.org\/al\/xhemati-musliman-ahmedia\/xhelsa-salana\/\"]}]},{\"@type\":\"BreadcrumbList\",\"@id\":\"https:\/\/www.ahmadiyya-islam.org\/al\/xhemati-musliman-ahmedia\/xhelsa-salana\/#breadcrumb\",\"itemListElement\":[{\"@type\":\"ListItem\",\"position\":1,\"name\":\"Home\",\"item\":\"https:\/\/www.ahmadiyya-islam.org\/al\/\"},{\"@type\":\"ListItem\",\"position\":2,\"name\":\"Ahmediati\",\"item\":\"https:\/\/www.ahmadiyya-islam.org\/al\/xhemati-musliman-ahmedia\/\"},{\"@type\":\"ListItem\",\"position\":3,\"name\":\"Xhelsa salana\"}]},{\"@type\":\"WebSite\",\"@id\":\"https:\/\/www.ahmadiyya-islam.org\/al\/#website\",\"url\":\"https:\/\/www.ahmadiyya-islam.org\/al\/\",\"name\":\"Xhemati Musliman Ahmedia\",\"description\":\"Albania\",\"potentialAction\":[{\"@type\":\"SearchAction\",\"target\":{\"@type\":\"EntryPoint\",\"urlTemplate\":\"https:\/\/www.ahmadiyya-islam.org\/al\/?s={search_term_string}\"},\"query-input\":{\"@type\":\"PropertyValueSpecification\",\"valueRequired\":true,\"valueName\":\"search_term_string\"}}],\"inLanguage\":\"sq-AL\"}]}<\/script>\n<!-- \/ Yoast SEO Premium plugin. -->","yoast_head_json":{"title":"Xhelsa salana","robots":{"index":"index","follow":"follow","max-snippet":"max-snippet:-1","max-image-preview":"max-image-preview:large","max-video-preview":"max-video-preview:-1"},"canonical":"https:\/\/www.ahmadiyya-islam.org\/al\/xhemati-musliman-ahmedia\/xhelsa-salana\/","og_locale":"sq_AL","og_type":"article","og_title":"Xhelsa salana","og_description":"Historia M\u00eb 27 dhjetor 1891 u mbajt tubimi i par\u00eb i Xhematit Musliman Ahmedia n\u00eb Kadijan, Indi, n\u00eb t\u00eb cilin mor\u00ebn pjes\u00eb 75 persona. Xhelsa pati sukses t\u00eb gjithansh\u00ebm dhe themeluesi i Xhematit Musliman Ahmadia, b\u00ebri t\u00eb ditur se nj\u00eb tubim i till\u00eb treditor do t\u00eb mbahet \u00e7do vit. Xhelsa Salana (Tubimi vjetor) tashm\u00eb \u00ebsht\u00eb","og_url":"https:\/\/www.ahmadiyya-islam.org\/al\/xhemati-musliman-ahmedia\/xhelsa-salana\/","og_site_name":"Xhemati Musliman Ahmedia","article_modified_time":"2023-05-09T08:33:35+00:00","og_image":[{"width":917,"height":410,"url":"https:\/\/www.ahmadiyya-islam.org\/al\/wp-content\/uploads\/sites\/3\/2019\/02\/ahmadiyya.png","type":"image\/png"}],"twitter_card":"summary_large_image","twitter_misc":{"Est. reading time":"3 minutes"},"schema":{"@context":"https:\/\/schema.org","@graph":[{"@type":"WebPage","@id":"https:\/\/www.ahmadiyya-islam.org\/al\/xhemati-musliman-ahmedia\/xhelsa-salana\/","url":"https:\/\/www.ahmadiyya-islam.org\/al\/xhemati-musliman-ahmedia\/xhelsa-salana\/","name":"Xhelsa salana","isPartOf":{"@id":"https:\/\/www.ahmadiyya-islam.org\/al\/#website"},"datePublished":"2015-04-09T13:04:55+00:00","dateModified":"2023-05-09T08:33:35+00:00","breadcrumb":{"@id":"https:\/\/www.ahmadiyya-islam.org\/al\/xhemati-musliman-ahmedia\/xhelsa-salana\/#breadcrumb"},"inLanguage":"sq-AL","potentialAction":[{"@type":"ReadAction","target":["https:\/\/www.ahmadiyya-islam.org\/al\/xhemati-musliman-ahmedia\/xhelsa-salana\/"]}]},{"@type":"BreadcrumbList","@id":"https:\/\/www.ahmadiyya-islam.org\/al\/xhemati-musliman-ahmedia\/xhelsa-salana\/#breadcrumb","itemListElement":[{"@type":"ListItem","position":1,"name":"Home","item":"https:\/\/www.ahmadiyya-islam.org\/al\/"},{"@type":"ListItem","position":2,"name":"Ahmediati","item":"https:\/\/www.ahmadiyya-islam.org\/al\/xhemati-musliman-ahmedia\/"},{"@type":"ListItem","position":3,"name":"Xhelsa salana"}]},{"@type":"WebSite","@id":"https:\/\/www.ahmadiyya-islam.org\/al\/#website","url":"https:\/\/www.ahmadiyya-islam.org\/al\/","name":"Xhemati Musliman Ahmedia","description":"Albania","potentialAction":[{"@type":"SearchAction","target":{"@type":"EntryPoint","urlTemplate":"https:\/\/www.ahmadiyya-islam.org\/al\/?s={search_term_string}"},"query-input":{"@type":"PropertyValueSpecification","valueRequired":true,"valueName":"search_term_string"}}],"inLanguage":"sq-AL"}]}},"_links":{"self":[{"href":"https:\/\/www.ahmadiyya-islam.org\/al\/wp-json\/wp\/v2\/pages\/198","targetHints":{"allow":["GET"]}}],"collection":[{"href":"https:\/\/www.ahmadiyya-islam.org\/al\/wp-json\/wp\/v2\/pages"}],"about":[{"href":"https:\/\/www.ahmadiyya-islam.org\/al\/wp-json\/wp\/v2\/types\/page"}],"author":[{"embeddable":true,"href":"https:\/\/www.ahmadiyya-islam.org\/al\/wp-json\/wp\/v2\/users\/5"}],"replies":[{"embeddable":true,"href":"https:\/\/www.ahmadiyya-islam.org\/al\/wp-json\/wp\/v2\/comments?post=198"}],"version-history":[{"count":1,"href":"https:\/\/www.ahmadiyya-islam.org\/al\/wp-json\/wp\/v2\/pages\/198\/revisions"}],"predecessor-version":[{"id":19009,"href":"https:\/\/www.ahmadiyya-islam.org\/al\/wp-json\/wp\/v2\/pages\/198\/revisions\/19009"}],"up":[{"embeddable":true,"href":"https:\/\/www.ahmadiyya-islam.org\/al\/wp-json\/wp\/v2\/pages\/31"}],"wp:attachment":[{"href":"https:\/\/www.ahmadiyya-islam.org\/al\/wp-json\/wp\/v2\/media?parent=198"}],"curies":[{"name":"wp","href":"https:\/\/api.w.org\/{rel}","templated":true}]}}