{"id":13,"date":"2015-04-07T21:08:33","date_gmt":"2015-04-07T21:08:33","guid":{"rendered":"http:\/\/www.ahmadiyya-islam.org\/al\/?page_id=13"},"modified":"2016-10-18T11:33:56","modified_gmt":"2016-10-18T11:33:56","slug":"profeti-muhammed-s-a","status":"publish","type":"page","link":"https:\/\/www.ahmadiyya-islam.org\/al\/islami\/profeti-muhammed-s-a\/","title":{"rendered":"Profeti Muhammed s.a."},"content":{"rendered":"<p>Profeti Muhammed (paqja e bekimet e Allahut qofshin mbi t\u00eb) \u00ebsht\u00eb themeluesi i fes\u00eb Islame, p\u00ebrmes t\u00eb cilit Zoti shpalli fen\u00eb p\u00ebrfundimtare p\u00ebr mbar\u00eb njer\u00ebzimin. Ai u lind n\u00eb vitin 571 te nj\u00eb familje fisnike n\u00eb Mek\u00eb, Arabi dhe ishte pasardh\u00ebs i profetit Ibrahim (paqja qoft\u00eb mbi t\u00eb). Fjala \u201cMuhamed\u201d nga ana leksikore do t\u00eb thot\u00eb \u2018i lavd\u00ebruesh\u00ebm\u2019.<\/p>\n<h3>Jeta e tij p\u00ebrpara Profetizmit<\/h3>\n<p>Disa muaj para se t\u00eb vinte n\u00eb k\u00ebt\u00eb bot\u00eb, i ati Abdullahu u nda jeta, nd\u00ebrsa e \u00ebma Amina, nd\u00ebrroi jet\u00eb kur Muhammedi<sup>sa <\/sup>ishte vet\u00ebm gjasht\u00eb vje\u00e7. M\u00eb pas ai u mor n\u00ebn kujdes nga gjyshi i tij, Abdyl Muttelib, por edhe ai vet\u00ebm dy vjet m\u00eb von\u00eb u nda nga jeta duke ia l\u00ebn\u00eb amanet nipin amanet djalit t\u00eb tij, Ebu Talibit, pra xhaxhait t\u00eb Muhammedit<sup>sa<\/sup>.<\/p>\n<p>Pavar\u00ebsisht nga k\u00ebto vuajtje e hidh\u00ebrime, Muhammedi<sup>sa<\/sup> u rrit si nj\u00eb person i ndersh\u00ebm, fisnik, i sinqert\u00eb dhe i men\u00e7ur. Ai gjithashtu e ndihmoi xhaxhan\u00eb e tij n\u00eb tregti, ndonj\u00ebher\u00eb duke e shoq\u00ebruar at\u00eb n\u00eb udh\u00ebtimet e tij drejt vendeve t\u00eb tjera.<\/p>\n<p>Muhammedi<sup>sa<\/sup> b\u00ebri nj\u00eb jet\u00eb t\u00eb \u00e7ilt\u00ebr e t\u00eb thjesht\u00eb dhe ishte i shquar p\u00ebr ndjenjat e tij altruiste. P\u00ebr shkak t\u00eb k\u00ebsaj sjelljeje fisnike, ai cil\u00ebsohej me epitete t\u00eb bukura si <em>Es-Siddik <\/em>(i v\u00ebrteti) dhe <em>El-Emin <\/em>(i besueshmi). Kur ishte nj\u00ebzet e pes\u00eb vje\u00e7, Muhammedi<sup>sa<\/sup> u martua me nj\u00eb vejush\u00eb t\u00eb respektueshme Hatixhen, e cila ishte af\u00ebrsisht dyzet vje\u00e7e. Ajo ishte aq e impresionuar nga sjellja e tij fisnike, saq\u00eb i dor\u00ebzoi gjith\u00eb pasurin\u00eb dhe sh\u00ebrb\u00ebtor\u00ebt e saj. Muhammedi<sup>sa<\/sup> i liroi gjith\u00eb skllev\u00ebrit, nd\u00ebrsa shumic\u00ebn e pasuris\u00eb e shp\u00ebrndau midis njer\u00ebzve t\u00eb vobekt\u00eb e nevojtar\u00eb.<\/p>\n<h3><strong>Shpallja prej Zotit<\/strong><\/h3>\n<p>Muhammedi<sup>sa<\/sup> kalonte shum\u00eb koh\u00eb n\u00eb meditimin dhe p\u00ebrkujtimin e Allahut (\u2018Allahu\u2019 \u00ebsht\u00eb fjala arabe q\u00eb do t\u00eb thot\u00eb nj\u00eb Zot). P\u00ebr k\u00ebt\u00eb, ai shpeshher\u00eb shkonte n\u00eb nj\u00eb shpell\u00eb t\u00eb quajtur <em>Hira,<\/em> e cila ndodhej disa kilometra larg Mek\u00ebs. Kur ai ishte dyzet vje\u00e7, iu shfaq engj\u00eblli Xhibril n\u00eb nj\u00eb vizion, i cili ia p\u00ebrcolli shpalljen e par\u00eb t\u00eb Kuranit me k\u00ebto fjal\u00eb:<\/p>\n<blockquote><p><em>\u201cLexo me<\/em><em> emrin e Zotit t\u00ebnd, i cili ju krijoi. Ai e krijoi njeriun nga nj\u00eb dro\u00e7k\u00eb ngjit\u00ebse gjaku. Lexo! Dhe sigurisht Zoti yt \u00ebsht\u00eb m\u00eb i Nderuari, i Cili ia m\u00ebsoi me an\u00eb t\u00eb pend\u00ebs, ia m\u00ebsoi njeriut at\u00eb q\u00eb ai nuk e kishte ditur.\u201d <\/em><em>(Kurani 96:2-6)\u00a0\u00a0\u00a0\u00a0<\/em><\/p><\/blockquote>\n<p>Muhammedi<sup>sa <\/sup>ishte aq i frik\u00ebsuar nga kjo ngjarje saq\u00eb ai nxitoi p\u00ebr t\u2019u kthyer n\u00eb sht\u00ebpi dhe ia rr\u00ebfeu at\u00eb bashk\u00ebshortes s\u00eb tij Hatixhe <sup>r.a.<\/sup>, e cila e shoq\u00ebroi at\u00eb te kush\u00ebriri i saj Verka bin Neufel i cili jetonte si nj\u00eb osh\u00ebnar i krishter\u00eb. Pasi q\u00eb d\u00ebgjoi gjith\u00e7ka q\u00eb i kishte p\u00ebrjetuar Muhammedi<sup>sa<\/sup>, Verka tha: \u201cJam i bindur se engj\u00eblli q\u00eb \u00ebsht\u00eb zbritur mbi ty, \u00ebsht\u00eb i nj\u00ebjti i cili m\u00eb par\u00eb i ishte shfaqur Musait<sup>a.s.<\/sup>.\u201d N\u00eb fakt, Verka po i referohej profecis\u00eb s\u00eb Dhjat\u00ebs s\u00eb Vjet\u00ebr q\u00eb parashikonte ardhjen e nj\u00eb profeti madh\u00ebshtor:<\/p>\n<blockquote><p><em>\u201cUn\u00eb do t\u00eb nxjerr p\u00ebr ta nj\u00eb profet nga gjiri i v\u00ebllez\u00ebrve t\u00eb tyre dhe do t\u00eb v\u00eb n\u00eb goj\u00ebn e tij fjal\u00ebt e mia, dhe ai do t\u2019u thot\u00eb atyre t\u00eb gjitha ato q\u00eb un\u00eb do t\u2019i urdh\u00ebroj.\u201d (Ligji i P\u00ebrt\u00ebrir\u00eb 18:18)<\/em><\/p><\/blockquote>\n<p>K\u00ebshtu, kjo ngjarje sh\u00ebnon zanafill\u00ebn e misionit t\u00eb Muhammedit<sup>sa <\/sup>si profet dhe i d\u00ebrguar i Zotit. Ajetet e lartp\u00ebrmendura jan\u00eb t\u00eb parat prej nj\u00eb varg shpalljesh q\u00eb iu zbrit\u00ebn Muhammedit<sup>sa<\/sup> p\u00ebrgjat\u00eb nj\u00eb periudh\u00eb nj\u00ebzetetre vje\u00e7are. K\u00ebto shpallje ruhen n\u00eb Kuranin Fam\u00eblart\u00eb, i cili edhe sot e k\u00ebsaj dite mbetet nj\u00ebsoj dhe plot\u00ebsisht i pandryshuar.<\/p>\n<h3><strong>Misioni i Tij<\/strong><\/h3>\n<p>Profeti Muhammed<sup>sa<\/sup> predikoi nj\u00ebshm\u00ebrin\u00eb e Zotit. Ai m\u00ebsoi se t\u00eb gjitha fet\u00eb hyjnore kan\u00eb predikuar t\u00eb nj\u00ebjtin mesazh t\u00eb nj\u00ebshm\u00ebris\u00eb s\u00eb Zotit dhe q\u00eb, p\u00ebr t\u00eb arritur paqen njeriu duhet t\u00eb p\u00ebrmbush\u00eb detyrat e tij karshi Krijuesit si dhe ndaj krijes\u00ebs s\u00eb Tij. Muhammedi<sup>sa <\/sup>mb\u00ebshteti t\u00eb varfrit, liroi skllev\u00ebrit, mbrojti t\u00eb dob\u00ebtit nga shfryt\u00ebzimi e t\u00eb shtypurit nga padrejt\u00ebsia dhe vendosi t\u00eb drejta t\u00eb barabarta p\u00ebr grat\u00eb. Ai i porositi ndjek\u00ebsit e tij t\u00eb jen\u00eb t\u00eb duruesh\u00ebm n\u00eb v\u00ebshtir\u00ebsi dhe t\u2019i luten Allahut e t\u00eb besojn\u00eb vet\u00ebm tek Ai. Misioni i tij ishte t\u00eb ndalonte t\u00eb keqen e padrejt\u00ebsin\u00eb dhe t\u00eb p\u00ebrhapte mir\u00ebsin\u00eb dhe dhembshurin\u00eb n\u00eb bot\u00eb. Kjo \u00ebsht\u00eb arsyeja pse Kurani e cil\u00ebson at\u00eb si <em>\u201cM\u00ebshir\u00eb p\u00ebr mbar\u00eb njer\u00ebzimin\u201d<\/em>.<\/p>\n<h3><strong>Luft\u00ebrat dhe fitoret<\/strong><\/h3>\n<p>Idhujtar\u00ebt e Mek\u00ebs, nuk i kushtonin asnj\u00eb v\u00ebmendje mesazhit t\u00eb Muhammedit<sup>sa<\/sup>, madje e kund\u00ebrshtonin dhe i nxirrnin pengesa n\u00eb \u00e7do m\u00ebnyr\u00eb t\u00eb mundshme. Profeti<sup>sa <\/sup>dhe shok\u00ebt e tij u persekutuan r\u00ebnd\u00eb, por ata i q\u00ebndruan besnik rrug\u00ebs s\u00eb tyre me q\u00ebndrueshm\u00ebri dhe vet\u00ebp\u00ebrmbajtje shembullore, dhe kurr\u00eb nuk u kund\u00ebrp\u00ebrgjigj\u00ebn. Mekasit ushtruan \u00e7dolloj shtypjeje dhe trysni kund\u00ebr musliman\u00ebve, dhe ve\u00e7an\u00ebrisht kund\u00ebr atyre skllev\u00ebrve q\u00eb pranonin k\u00ebt\u00eb fe. Pas tremb\u00ebdhjet\u00eb viteve t\u00eb p\u00ebrndjekjes e persekutimit, Muhammedi<sup>sa<\/sup>mori urdh\u00ebr prej Zotit q\u00eb t\u00eb shp\u00ebrngulej n\u00eb Medin\u00eb, nj\u00eb qytet q\u00eb ndodhej afro 340 k.m. n\u00eb veri t\u00eb Mek\u00ebs. Megjithat\u00eb, edhe atje banor\u00ebt e Mek\u00ebs nuk e lan\u00eb t\u00eb jetonte i qet\u00eb.<\/p>\n<p>Ata m\u00ebsyn\u00eb musliman\u00ebt disa her\u00eb n\u00eb Medin\u00eb dhe b\u00ebn\u00eb luft\u00ebra t\u00eb p\u00ebrgjakshme, por p\u00ebsuan vet\u00ebm disfata. Profeti Muhammed<sup>sa <\/sup>zhvilloi t\u00eb gjitha luft\u00ebra n\u00eb mbrojtje, dhe sa her\u00eb q\u00eb arriti fitore kund\u00ebr agresor\u00ebve, ai \u00ebsht\u00eb sjell\u00eb me falje dhe m\u00ebshir\u00eb.<\/p>\n<p>Kur Profeti Muhammedi<sup>sa<\/sup> triumfoi p\u00ebrfundimisht Mek\u00ebn, ai e b\u00ebri paq\u00ebsisht, pa asnj\u00eb gjakderdhje. Aq m\u00eb tep\u00ebr, ai u tregua jasht\u00ebzakonisht i dhembshur, i m\u00ebshirsh\u00ebm dhe i shpirtmadh ndaj kund\u00ebrshtar\u00ebve t\u00eb tij.<\/p>\n<p>Muhammedi<sup>sa <\/sup>e ftoi mbar\u00eb bot\u00ebn drejt Islamit, por nj\u00ebkoh\u00ebsisht i siguroi \u00e7dokujt lirin\u00eb e t\u00eb praktikuarit fen\u00eb e vet.<\/p>\n<p>Me t\u00eb v\u00ebrtet\u00eb jeta e Muhammedit<sup>sa <\/sup>\u00ebsht\u00eb mahnit\u00ebse dhe mbres\u00ebl\u00ebn\u00ebse, por duket sikur brenda ato atyre gjasht\u00ebdhjet\u00eb e tre viteve, jan\u00eb shfaqur t\u00eb gjitha spektrat e p\u00ebrjetimeve dhe ndjenjave njer\u00ebzore, nga skamje n\u00eb boll\u00ebk, nga d\u00ebshtimet n\u00eb fitore, nga nj\u00eb z\u00eb i vetmuar p\u00ebr drejt\u00ebsin\u00eb e paqen n\u00eb nj\u00eb fuqi t\u00eb pap\u00ebrballueshme dhe nga persekutimi i skajsh\u00ebm deri te autoriteti mbret\u00ebror.<\/p>\n<p>Ai erdhi n\u00eb k\u00ebt\u00eb bot\u00eb si nj\u00eb f\u00ebmij\u00eb jetim dhe u rrit si nj\u00eb djal\u00eb i dhembshur i adoptuar. Ai ishte nj\u00eb tregtar i ndersh\u00ebm, nj\u00eb bashk\u00ebshort i devotsh\u00ebm, nj\u00eb baba i dashur, nj\u00eb fqinj i kujdessh\u00ebm, nj\u00eb kryekomandant i shquar, nj\u00eb gjykat\u00ebs i drejt\u00eb, nj\u00eb politikan i dalluar, nj\u00eb shok besnik dhe mbi t\u00eb gjitha ai ishte i D\u00ebrguari i Zotit dhe thirr\u00ebs i p\u00ebrkushtuar ndaj Fjal\u00ebs s\u00eb Tij.<\/p>\n<p>Profeti Muhammed <sup>s.a.s. <\/sup>nd\u00ebrroi jet\u00eb n\u00eb vitin 622 duke l\u00ebn\u00eb pas nj\u00eb bashk\u00ebsi fisnike dhe t\u00eb sinqert\u00eb besimtar\u00ebsh, t\u00eb cil\u00ebt pavar\u00ebsisht v\u00ebshtir\u00ebsive t\u00eb m\u00ebdha, vijuan t\u00eb p\u00ebrhapnin mesazhin e Islamit n\u00eb t\u00eb gjitha vendet e bot\u00ebs. Sot, jan\u00eb m\u00eb shum\u00eb se nj\u00eb miliard musliman q\u00eb jetojn\u00eb n\u00eb bot\u00eb.<\/p>\n<h3><strong>Th\u00ebniet e Profetit Muhammed (paqja dhe m\u00ebshira e Zotit qofshin mbi t\u00eb)<\/strong><\/h3>\n<h3><strong>Barazia<\/strong><\/h3>\n<blockquote><p>\u201cJu t\u00eb gjith\u00eb jeni t\u00eb barabart\u00eb, pavar\u00ebsisht vendit, kombit apo fisit q\u00eb i p\u00ebrkisni apo grad\u00ebn q\u00eb g\u00ebzoni. Askush nuk ka t\u00eb drejt\u00eb, t\u00eb pretendoj\u00eb ep\u00ebrsin\u00eb mbi dik\u00eb tjet\u00ebr. Asnj\u00eb arab nuk g\u00ebzon ep\u00ebrsi mbi nj\u00eb joarab, e as ky i fundit nuk g\u00ebzon ep\u00ebrsi mbi nj\u00eb arab.\u00a0Raca e bardh\u00eb n\u00eb asnj\u00eb m\u00ebnyr\u00eb nuk mund t\u00eb jet\u00eb m\u00eb e mir\u00eb se raca me ngjyr\u00eb, e as anasjelltas, p\u00ebrve\u00e7se n\u00eb shkall\u00ebn e p\u00ebrmbushjes s\u00eb detyrave ndaj Zotit dhe krijes\u00ebs s\u00eb Tij. Me t\u00eb v\u00ebrtet\u00eb, m\u00eb t\u00eb nderuarit nga ju jan\u00eb ata q\u00eb jan\u00eb m\u00eb t\u00eb druajtur dhe m\u00eb t\u00eb devotsh\u00ebm.\u201d<\/p>\n<p style=\"text-align: right\">(Nga Fjalim i Lamtumir\u00ebs i Profetit Muhammed<sup>sa<\/sup>)<\/p>\n<\/blockquote>\n<h3><strong>Bamir\u00ebsia<\/strong><\/h3>\n<blockquote><p>\u00c7do dit\u00eb q\u00eb lind dielli, secila nga gjymtyr\u00ebt e njeriut \u00ebsht\u00eb e detyruar t\u00eb b\u00ebj\u00eb bamir\u00ebsi. T\u00eb pajtosh pal\u00ebt kund\u00ebrshtuese \u00ebsht\u00eb bamir\u00ebsi. T\u00eb ndihmosh dik\u00eb p\u00ebr t\u2019i hipur kalit ose p\u00ebr ta ngarkuar at\u00eb, \u00ebsht\u00eb bamir\u00ebsi. Fjala e mir\u00eb \u00ebsht\u00eb bamir\u00ebsi. \u00c7do hap q\u00eb hidhet n\u00eb drejtim t\u00eb xhamis\u00eb p\u00ebr falje, \u00ebsht\u00eb bamir\u00ebsi. Largimi i di\u00e7kaje q\u00eb shkakton shqet\u00ebsim n\u00eb rrug\u00eb, \u00ebsht\u00eb bamir\u00ebsi. (Buhariu dhe Muslimi)<\/p><\/blockquote>\n<h3><strong>K\u00ebrkimi i dijes<\/strong><\/h3>\n<blockquote><p>\u00cbsht\u00eb detyra e \u00e7do muslimani dhe muslimane q\u00eb t\u00eb k\u00ebrkojn\u00eb dije. (Ibni Maxha)<\/p><\/blockquote>\n<h3><strong>Kujdesi ndaj fqinjit<\/strong><\/h3>\n<blockquote><p>Ai q\u00eb i beson Zotit dhe Dit\u00ebs s\u00eb Gjykimit, nuk duhet t\u00eb shqet\u00ebsoj\u00eb fqinjin e tij. Nuk \u00ebsht\u00eb prej nesh ai, q\u00eb fle i nginjur, nd\u00ebrsa fqinji i tij t\u00eb jet\u00eb i pabuk\u00eb. (Buhariu)<\/p><\/blockquote>\n<h3><strong>Besnik\u00ebri<\/strong><\/h3>\n<blockquote><p>Besnik\u00ebria ndaj atdheut \u00ebsht\u00eb pjes\u00eb e besimit. (Sakhavi)<\/p><\/blockquote>\n<h3><strong>Mir\u00ebsjellja ndaj t\u00eb tjer\u00ebve<\/strong><\/h3>\n<blockquote><p>Asnj\u00ebri prej jush nuk \u00ebsht\u00eb besimtar i v\u00ebrtet\u00eb, derisa ai e do p\u00ebr t\u00eb tjer\u00ebt at\u00eb, q\u00eb e do p\u00ebr veten. (Buhariu)<\/p><\/blockquote>\n<h3><strong>Ndershm\u00ebria<\/strong><\/h3>\n<blockquote><p>Respektoni f\u00ebmij\u00ebt tuaj dhe ushqejini me virtytet m\u00eb t\u00eb mira. (Ibni Maxha)<\/p><\/blockquote>\n<h3><strong>Mir\u00ebnjohja<\/strong><\/h3>\n<blockquote><p>Njeriu q\u00eb nuk \u00ebsht\u00eb mir\u00ebnjoh\u00ebs ndaj njer\u00ebzve, nuk mund t\u00eb jet\u00eb mir\u00ebnjoh\u00ebs as ndaj Zotit. (Tirmidhiu)<\/p><\/blockquote>\n<h3><strong>Falja<\/strong><\/h3>\n<blockquote><p>Zoti i fal respekt dhe ia lart\u00ebson statusin atij, q\u00eb ia fal fajin keqb\u00ebr\u00ebsit dhe nuk sillet me t\u00eb me arroganc\u00eb. (Musned Ahmedi)<\/p><\/blockquote>\n","protected":false},"excerpt":{"rendered":"<p>Profeti Muhammed (paqja e bekimet e Allahut qofshin mbi t\u00eb) \u00ebsht\u00eb themeluesi i fes\u00eb Islame, p\u00ebrmes t\u00eb cilit Zoti shpalli fen\u00eb p\u00ebrfundimtare p\u00ebr mbar\u00eb njer\u00ebzimin. Ai u lind n\u00eb vitin 571 te nj\u00eb familje fisnike n\u00eb Mek\u00eb, Arabi dhe ishte pasardh\u00ebs i profetit Ibrahim (paqja qoft\u00eb mbi t\u00eb). Fjala \u201cMuhamed\u201d nga ana leksikore do t\u00eb<\/p>\n","protected":false},"author":5,"featured_media":1794,"parent":7,"menu_order":16,"comment_status":"open","ping_status":"closed","template":"","meta":{"_acf_changed":false,"footnotes":""},"class_list":["post-13","page","type-page","status-publish","has-post-thumbnail","hentry"],"acf":[],"yoast_head":"<!-- This site is optimized with the Yoast SEO Premium plugin v21.1 (Yoast SEO v27.0) - https:\/\/yoast.com\/product\/yoast-seo-premium-wordpress\/ -->\n<title>Profeti Muhammed s.a.<\/title>\n<meta name=\"robots\" content=\"index, follow, max-snippet:-1, max-image-preview:large, max-video-preview:-1\" \/>\n<link rel=\"canonical\" href=\"https:\/\/www.ahmadiyya-islam.org\/al\/islami\/profeti-muhammed-s-a\/\" \/>\n<meta property=\"og:locale\" content=\"sq_AL\" \/>\n<meta property=\"og:type\" content=\"article\" \/>\n<meta property=\"og:title\" content=\"Profeti Muhammed s.a.\" \/>\n<meta property=\"og:description\" content=\"Profeti Muhammed (paqja e bekimet e Allahut qofshin mbi t\u00eb) \u00ebsht\u00eb themeluesi i fes\u00eb Islame, p\u00ebrmes t\u00eb cilit Zoti shpalli fen\u00eb p\u00ebrfundimtare p\u00ebr mbar\u00eb njer\u00ebzimin. Ai u lind n\u00eb vitin 571 te nj\u00eb familje fisnike n\u00eb Mek\u00eb, Arabi dhe ishte pasardh\u00ebs i profetit Ibrahim (paqja qoft\u00eb mbi t\u00eb). Fjala \u201cMuhamed\u201d nga ana leksikore do t\u00eb\" \/>\n<meta property=\"og:url\" content=\"https:\/\/www.ahmadiyya-islam.org\/al\/islami\/profeti-muhammed-s-a\/\" \/>\n<meta property=\"og:site_name\" content=\"Xhemati Musliman Ahmedia\" \/>\n<meta property=\"article:modified_time\" content=\"2016-10-18T11:33:56+00:00\" \/>\n<meta property=\"og:image\" content=\"https:\/\/www.ahmadiyya-islam.org\/al\/wp-content\/uploads\/sites\/3\/2015\/04\/Profeti-Muhammed-s.a..jpg\" \/>\n\t<meta property=\"og:image:width\" content=\"1200\" \/>\n\t<meta property=\"og:image:height\" content=\"600\" \/>\n\t<meta property=\"og:image:type\" content=\"image\/jpeg\" \/>\n<meta name=\"twitter:card\" content=\"summary_large_image\" \/>\n<meta name=\"twitter:label1\" content=\"Est. reading time\" \/>\n\t<meta name=\"twitter:data1\" content=\"8 minutes\" \/>\n<script type=\"application\/ld+json\" class=\"yoast-schema-graph\">{\"@context\":\"https:\/\/schema.org\",\"@graph\":[{\"@type\":\"WebPage\",\"@id\":\"https:\/\/www.ahmadiyya-islam.org\/al\/islami\/profeti-muhammed-s-a\/\",\"url\":\"https:\/\/www.ahmadiyya-islam.org\/al\/islami\/profeti-muhammed-s-a\/\",\"name\":\"Profeti Muhammed s.a.\",\"isPartOf\":{\"@id\":\"https:\/\/www.ahmadiyya-islam.org\/al\/#website\"},\"primaryImageOfPage\":{\"@id\":\"https:\/\/www.ahmadiyya-islam.org\/al\/islami\/profeti-muhammed-s-a\/#primaryimage\"},\"image\":{\"@id\":\"https:\/\/www.ahmadiyya-islam.org\/al\/islami\/profeti-muhammed-s-a\/#primaryimage\"},\"thumbnailUrl\":\"https:\/\/www.ahmadiyya-islam.org\/al\/wp-content\/uploads\/sites\/3\/2015\/04\/Profeti-Muhammed-s.a..jpg\",\"datePublished\":\"2015-04-07T21:08:33+00:00\",\"dateModified\":\"2016-10-18T11:33:56+00:00\",\"breadcrumb\":{\"@id\":\"https:\/\/www.ahmadiyya-islam.org\/al\/islami\/profeti-muhammed-s-a\/#breadcrumb\"},\"inLanguage\":\"sq-AL\",\"potentialAction\":[{\"@type\":\"ReadAction\",\"target\":[\"https:\/\/www.ahmadiyya-islam.org\/al\/islami\/profeti-muhammed-s-a\/\"]}]},{\"@type\":\"ImageObject\",\"inLanguage\":\"sq-AL\",\"@id\":\"https:\/\/www.ahmadiyya-islam.org\/al\/islami\/profeti-muhammed-s-a\/#primaryimage\",\"url\":\"https:\/\/www.ahmadiyya-islam.org\/al\/wp-content\/uploads\/sites\/3\/2015\/04\/Profeti-Muhammed-s.a..jpg\",\"contentUrl\":\"https:\/\/www.ahmadiyya-islam.org\/al\/wp-content\/uploads\/sites\/3\/2015\/04\/Profeti-Muhammed-s.a..jpg\",\"width\":1200,\"height\":600},{\"@type\":\"BreadcrumbList\",\"@id\":\"https:\/\/www.ahmadiyya-islam.org\/al\/islami\/profeti-muhammed-s-a\/#breadcrumb\",\"itemListElement\":[{\"@type\":\"ListItem\",\"position\":1,\"name\":\"Home\",\"item\":\"https:\/\/www.ahmadiyya-islam.org\/al\/\"},{\"@type\":\"ListItem\",\"position\":2,\"name\":\"Islami\",\"item\":\"https:\/\/www.ahmadiyya-islam.org\/al\/islami\/\"},{\"@type\":\"ListItem\",\"position\":3,\"name\":\"Profeti Muhammed s.a.\"}]},{\"@type\":\"WebSite\",\"@id\":\"https:\/\/www.ahmadiyya-islam.org\/al\/#website\",\"url\":\"https:\/\/www.ahmadiyya-islam.org\/al\/\",\"name\":\"Xhemati Musliman Ahmedia\",\"description\":\"Albania\",\"potentialAction\":[{\"@type\":\"SearchAction\",\"target\":{\"@type\":\"EntryPoint\",\"urlTemplate\":\"https:\/\/www.ahmadiyya-islam.org\/al\/?s={search_term_string}\"},\"query-input\":{\"@type\":\"PropertyValueSpecification\",\"valueRequired\":true,\"valueName\":\"search_term_string\"}}],\"inLanguage\":\"sq-AL\"}]}<\/script>\n<!-- \/ Yoast SEO Premium plugin. -->","yoast_head_json":{"title":"Profeti Muhammed s.a.","robots":{"index":"index","follow":"follow","max-snippet":"max-snippet:-1","max-image-preview":"max-image-preview:large","max-video-preview":"max-video-preview:-1"},"canonical":"https:\/\/www.ahmadiyya-islam.org\/al\/islami\/profeti-muhammed-s-a\/","og_locale":"sq_AL","og_type":"article","og_title":"Profeti Muhammed s.a.","og_description":"Profeti Muhammed (paqja e bekimet e Allahut qofshin mbi t\u00eb) \u00ebsht\u00eb themeluesi i fes\u00eb Islame, p\u00ebrmes t\u00eb cilit Zoti shpalli fen\u00eb p\u00ebrfundimtare p\u00ebr mbar\u00eb njer\u00ebzimin. Ai u lind n\u00eb vitin 571 te nj\u00eb familje fisnike n\u00eb Mek\u00eb, Arabi dhe ishte pasardh\u00ebs i profetit Ibrahim (paqja qoft\u00eb mbi t\u00eb). Fjala \u201cMuhamed\u201d nga ana leksikore do t\u00eb","og_url":"https:\/\/www.ahmadiyya-islam.org\/al\/islami\/profeti-muhammed-s-a\/","og_site_name":"Xhemati Musliman Ahmedia","article_modified_time":"2016-10-18T11:33:56+00:00","og_image":[{"width":1200,"height":600,"url":"https:\/\/www.ahmadiyya-islam.org\/al\/wp-content\/uploads\/sites\/3\/2015\/04\/Profeti-Muhammed-s.a..jpg","type":"image\/jpeg"}],"twitter_card":"summary_large_image","twitter_misc":{"Est. reading time":"8 minutes"},"schema":{"@context":"https:\/\/schema.org","@graph":[{"@type":"WebPage","@id":"https:\/\/www.ahmadiyya-islam.org\/al\/islami\/profeti-muhammed-s-a\/","url":"https:\/\/www.ahmadiyya-islam.org\/al\/islami\/profeti-muhammed-s-a\/","name":"Profeti Muhammed s.a.","isPartOf":{"@id":"https:\/\/www.ahmadiyya-islam.org\/al\/#website"},"primaryImageOfPage":{"@id":"https:\/\/www.ahmadiyya-islam.org\/al\/islami\/profeti-muhammed-s-a\/#primaryimage"},"image":{"@id":"https:\/\/www.ahmadiyya-islam.org\/al\/islami\/profeti-muhammed-s-a\/#primaryimage"},"thumbnailUrl":"https:\/\/www.ahmadiyya-islam.org\/al\/wp-content\/uploads\/sites\/3\/2015\/04\/Profeti-Muhammed-s.a..jpg","datePublished":"2015-04-07T21:08:33+00:00","dateModified":"2016-10-18T11:33:56+00:00","breadcrumb":{"@id":"https:\/\/www.ahmadiyya-islam.org\/al\/islami\/profeti-muhammed-s-a\/#breadcrumb"},"inLanguage":"sq-AL","potentialAction":[{"@type":"ReadAction","target":["https:\/\/www.ahmadiyya-islam.org\/al\/islami\/profeti-muhammed-s-a\/"]}]},{"@type":"ImageObject","inLanguage":"sq-AL","@id":"https:\/\/www.ahmadiyya-islam.org\/al\/islami\/profeti-muhammed-s-a\/#primaryimage","url":"https:\/\/www.ahmadiyya-islam.org\/al\/wp-content\/uploads\/sites\/3\/2015\/04\/Profeti-Muhammed-s.a..jpg","contentUrl":"https:\/\/www.ahmadiyya-islam.org\/al\/wp-content\/uploads\/sites\/3\/2015\/04\/Profeti-Muhammed-s.a..jpg","width":1200,"height":600},{"@type":"BreadcrumbList","@id":"https:\/\/www.ahmadiyya-islam.org\/al\/islami\/profeti-muhammed-s-a\/#breadcrumb","itemListElement":[{"@type":"ListItem","position":1,"name":"Home","item":"https:\/\/www.ahmadiyya-islam.org\/al\/"},{"@type":"ListItem","position":2,"name":"Islami","item":"https:\/\/www.ahmadiyya-islam.org\/al\/islami\/"},{"@type":"ListItem","position":3,"name":"Profeti Muhammed s.a."}]},{"@type":"WebSite","@id":"https:\/\/www.ahmadiyya-islam.org\/al\/#website","url":"https:\/\/www.ahmadiyya-islam.org\/al\/","name":"Xhemati Musliman Ahmedia","description":"Albania","potentialAction":[{"@type":"SearchAction","target":{"@type":"EntryPoint","urlTemplate":"https:\/\/www.ahmadiyya-islam.org\/al\/?s={search_term_string}"},"query-input":{"@type":"PropertyValueSpecification","valueRequired":true,"valueName":"search_term_string"}}],"inLanguage":"sq-AL"}]}},"_links":{"self":[{"href":"https:\/\/www.ahmadiyya-islam.org\/al\/wp-json\/wp\/v2\/pages\/13","targetHints":{"allow":["GET"]}}],"collection":[{"href":"https:\/\/www.ahmadiyya-islam.org\/al\/wp-json\/wp\/v2\/pages"}],"about":[{"href":"https:\/\/www.ahmadiyya-islam.org\/al\/wp-json\/wp\/v2\/types\/page"}],"author":[{"embeddable":true,"href":"https:\/\/www.ahmadiyya-islam.org\/al\/wp-json\/wp\/v2\/users\/5"}],"replies":[{"embeddable":true,"href":"https:\/\/www.ahmadiyya-islam.org\/al\/wp-json\/wp\/v2\/comments?post=13"}],"version-history":[{"count":0,"href":"https:\/\/www.ahmadiyya-islam.org\/al\/wp-json\/wp\/v2\/pages\/13\/revisions"}],"up":[{"embeddable":true,"href":"https:\/\/www.ahmadiyya-islam.org\/al\/wp-json\/wp\/v2\/pages\/7"}],"wp:featuredmedia":[{"embeddable":true,"href":"https:\/\/www.ahmadiyya-islam.org\/al\/wp-json\/wp\/v2\/media\/1794"}],"wp:attachment":[{"href":"https:\/\/www.ahmadiyya-islam.org\/al\/wp-json\/wp\/v2\/media?parent=13"}],"curies":[{"name":"wp","href":"https:\/\/api.w.org\/{rel}","templated":true}]}}